{"id":531,"date":"2020-09-05T12:54:25","date_gmt":"2020-09-05T10:54:25","guid":{"rendered":"https:\/\/www.vroemen.de\/web\/?page_id=531"},"modified":"2026-01-11T23:01:04","modified_gmt":"2026-01-11T22:01:04","slug":"vincent-2","status":"publish","type":"page","link":"https:\/\/www.vroemen.de\/web\/vincent-2\/","title":{"rendered":"Vincent"},"content":{"rendered":"<table class=\"table_vincent\">\n<tbody>\n<tr>\n<th colspan=\"4\" scope=\"col\">Hybridline <a href=\"https:\/\/www.vroemen.de\/web\/wp-content\/uploads\/2020\/10\/Hybridlinie_fullsize.jpg\"><img decoding=\"async\" class=\"alignnone size-full wp-image-574\" src=\"https:\/\/www.vroemen.de\/web\/wp-content\/uploads\/2020\/10\/Hybridlinie_thumb.jpg\" alt=\"\" width=\"150\" height=\"100\" \/><\/a><\/th>\n<\/tr>\n<tr>\n<td><span class=\"span_vincent\">SV-237MK II<br \/><a href=\"https:\/\/www.vroemen.de\/videos2020\/SV237Mk_C35_Il_Bambino_ceramico.mp4\">Video<\/a><\/span> <a href=\"https:\/\/www.vroemen.de\/web\/wp-content\/uploads\/2020\/10\/SV-237MK_fullsize.jpg\" target=\"_blank\" rel=\"noopener noreferrer\"><img decoding=\"async\" class=\"alignnone wp-image-631 size-full\" src=\"https:\/\/www.vroemen.de\/web\/wp-content\/uploads\/2020\/10\/SV-237MK_thumb.jpg\" alt=\"\" width=\"160\" height=\"120\" srcset=\"https:\/\/www.vroemen.de\/web\/wp-content\/uploads\/2020\/10\/SV-237MK_thumb.jpg 160w, https:\/\/www.vroemen.de\/web\/wp-content\/uploads\/2020\/10\/SV-237MK_thumb-150x113.jpg 150w\" sizes=\"(max-width: 160px) 100vw, 160px\" \/><\/a><\/td>\n<td>SV-737<br \/><a href=\"https:\/\/www.vroemen.de\/web\/wp-content\/uploads\/2020\/10\/SV-737_fullsize.jpg\" target=\"_blank\" rel=\"noopener noreferrer\"><img decoding=\"async\" class=\"alignnone size-full wp-image-633\" src=\"https:\/\/www.vroemen.de\/web\/wp-content\/uploads\/2020\/10\/SV-737_thumb.jpg\" alt=\"\" width=\"160\" height=\"120\" srcset=\"https:\/\/www.vroemen.de\/web\/wp-content\/uploads\/2020\/10\/SV-737_thumb.jpg 160w, https:\/\/www.vroemen.de\/web\/wp-content\/uploads\/2020\/10\/SV-737_thumb-150x113.jpg 150w\" sizes=\"(max-width: 160px) 100vw, 160px\" \/><\/a><\/td>\n<td>SA-T7 Diamond<br \/><a href=\"https:\/\/www.vroemen.de\/web\/wp-content\/uploads\/2020\/10\/SA-T7_fullsize.jpg\" target=\"_blank\" rel=\"noopener noreferrer\"><img loading=\"lazy\" decoding=\"async\" class=\"alignnone size-full wp-image-628\" src=\"https:\/\/www.vroemen.de\/web\/wp-content\/uploads\/2020\/10\/SA-T7_thumb.jpg\" alt=\"\" width=\"160\" height=\"120\" srcset=\"https:\/\/www.vroemen.de\/web\/wp-content\/uploads\/2020\/10\/SA-T7_thumb.jpg 160w, https:\/\/www.vroemen.de\/web\/wp-content\/uploads\/2020\/10\/SA-T7_thumb-150x113.jpg 150w\" sizes=\"(max-width: 160px) 100vw, 160px\" \/><\/a><\/td>\n<td>SP-T700<br \/><a href=\"https:\/\/www.vroemen.de\/web\/wp-content\/uploads\/2020\/10\/SP-T700_fullsize.jpg\" target=\"_blank\" rel=\"noopener noreferrer\"><img loading=\"lazy\" decoding=\"async\" class=\"alignnone size-full wp-image-629\" src=\"https:\/\/www.vroemen.de\/web\/wp-content\/uploads\/2020\/10\/SP-T700_thumb.jpg\" alt=\"\" width=\"160\" height=\"120\" srcset=\"https:\/\/www.vroemen.de\/web\/wp-content\/uploads\/2020\/10\/SP-T700_thumb.jpg 160w, https:\/\/www.vroemen.de\/web\/wp-content\/uploads\/2020\/10\/SP-T700_thumb-150x113.jpg 150w\" sizes=\"(max-width: 160px) 100vw, 160px\" \/><\/a><\/td>\n<\/tr>\n<tr>\n<td>PHO-701<br \/><a href=\"https:\/\/www.vroemen.de\/web\/wp-content\/uploads\/2020\/10\/PHO-701_fullsize.jpg\" target=\"_blank\" rel=\"noopener noreferrer\"><img loading=\"lazy\" decoding=\"async\" class=\"alignnone size-full wp-image-626\" src=\"https:\/\/www.vroemen.de\/web\/wp-content\/uploads\/2020\/10\/PHO-701_thumb.jpg\" alt=\"\" width=\"160\" height=\"120\" srcset=\"https:\/\/www.vroemen.de\/web\/wp-content\/uploads\/2020\/10\/PHO-701_thumb.jpg 160w, https:\/\/www.vroemen.de\/web\/wp-content\/uploads\/2020\/10\/PHO-701_thumb-150x113.jpg 150w\" sizes=\"(max-width: 160px) 100vw, 160px\" \/><\/a><\/td>\n<td>\u00a0<\/td>\n<td>\u00a0<\/td>\n<td>\u00a0<\/td>\n<\/tr>\n<\/tbody>\n<\/table>\n<table class=\"table_vincent\">\n<tbody>\n<tr>\n<th colspan=\"4\" scope=\"col\">Powerline <a href=\"https:\/\/www.vroemen.de\/web\/wp-content\/uploads\/2020\/10\/Powerlinie_fullsize.jpg\"><img loading=\"lazy\" decoding=\"async\" class=\"alignnone size-full wp-image-579\" src=\"https:\/\/www.vroemen.de\/web\/wp-content\/uploads\/2020\/10\/Powerlinie_thumb.jpg\" alt=\"\" width=\"150\" height=\"100\" \/><\/a><\/th>\n<\/tr>\n<tr>\n<td>SV-500<br \/><a href=\"https:\/\/www.vroemen.de\/web\/wp-content\/uploads\/2020\/10\/SV-500_fullsize.jpg\" target=\"_blank\" rel=\"noopener noreferrer\"><img loading=\"lazy\" decoding=\"async\" class=\"alignnone size-full wp-image-632\" src=\"https:\/\/www.vroemen.de\/web\/wp-content\/uploads\/2020\/10\/SV-500_thumb.jpg\" alt=\"\" width=\"160\" height=\"120\" srcset=\"https:\/\/www.vroemen.de\/web\/wp-content\/uploads\/2020\/10\/SV-500_thumb.jpg 160w, https:\/\/www.vroemen.de\/web\/wp-content\/uploads\/2020\/10\/SV-500_thumb-150x113.jpg 150w\" sizes=\"(max-width: 160px) 100vw, 160px\" \/><\/a><\/td>\n<td><span class=\"span_vincent\">SA-32<br \/><a href=\"https:\/\/www.vroemen.de\/videos2020\/SA32_SP332_C35_Il_Bambino_ceramico.mp4\">Video<\/a><br \/><\/span> <a href=\"https:\/\/www.vroemen.de\/web\/wp-content\/uploads\/2020\/10\/SA-32-und-SP-332_fullsize.jpg\" target=\"_blank\" rel=\"noopener noreferrer\"><img loading=\"lazy\" decoding=\"async\" class=\"alignnone size-full wp-image-627\" src=\"https:\/\/www.vroemen.de\/web\/wp-content\/uploads\/2020\/10\/SA-32-und-SP-332_thumb.jpg\" alt=\"\" width=\"160\" height=\"120\" srcset=\"https:\/\/www.vroemen.de\/web\/wp-content\/uploads\/2020\/10\/SA-32-und-SP-332_thumb.jpg 160w, https:\/\/www.vroemen.de\/web\/wp-content\/uploads\/2020\/10\/SA-32-und-SP-332_thumb-150x113.jpg 150w\" sizes=\"(max-width: 160px) 100vw, 160px\" \/><\/a><\/td>\n<td><span class=\"span_vincent\">SP-332<br \/><a href=\"https:\/\/www.vroemen.de\/videos2020\/SA32_SP332_C35_Il_Bambino_ceramico.mp4\">Video<\/a><br \/><\/span> <a href=\"https:\/\/www.vroemen.de\/web\/wp-content\/uploads\/2020\/10\/SA-32-und-SP-332_fullsize.jpg\" target=\"_blank\" rel=\"noopener noreferrer\"><img loading=\"lazy\" decoding=\"async\" class=\"alignnone size-full wp-image-627\" src=\"https:\/\/www.vroemen.de\/web\/wp-content\/uploads\/2020\/10\/SA-32-und-SP-332_thumb.jpg\" alt=\"\" width=\"160\" height=\"120\" srcset=\"https:\/\/www.vroemen.de\/web\/wp-content\/uploads\/2020\/10\/SA-32-und-SP-332_thumb.jpg 160w, https:\/\/www.vroemen.de\/web\/wp-content\/uploads\/2020\/10\/SA-32-und-SP-332_thumb-150x113.jpg 150w\" sizes=\"(max-width: 160px) 100vw, 160px\" \/><\/a><\/td>\n<td>PHO-200<br \/><img loading=\"lazy\" decoding=\"async\" class=\"alignnone size-full wp-image-625\" src=\"https:\/\/www.vroemen.de\/web\/wp-content\/uploads\/2020\/10\/PHO-200_thumb.jpg\" alt=\"\" width=\"160\" height=\"120\" srcset=\"https:\/\/www.vroemen.de\/web\/wp-content\/uploads\/2020\/10\/PHO-200_thumb.jpg 160w, https:\/\/www.vroemen.de\/web\/wp-content\/uploads\/2020\/10\/PHO-200_thumb-150x113.jpg 150w\" sizes=\"(max-width: 160px) 100vw, 160px\" \/><\/td>\n<\/tr>\n<\/tbody>\n<\/table>\n\n\n<p class=\"p_vincent\"><img decoding=\"async\" src=\"https:\/\/www.vroemen.de\/web\/wp-content\/uploads\/2020\/09\/vincent_logo.png\" alt=\"Vincent\"> <br><br>Wir sind Referenzh\u00e4ndler der Firma Vincent, die nachfolgend aufgef\u00fchrten Ger\u00e4te stehen bei uns vorf\u00fchrbereit:<\/p>\n","protected":false},"excerpt":{"rendered":"<p>Hybridline SV-237MK IIVideo SV-737 SA-T7 Diamond SP-T700 PHO-701 \u00a0 \u00a0 \u00a0 Powerline SV-500 SA-32Video SP-332Video PHO-200 Wir sind Referenzh\u00e4ndler der Firma Vincent, die nachfolgend aufgef\u00fchrten Ger\u00e4te stehen bei uns vorf\u00fchrbereit:<\/p>\n","protected":false},"author":1,"featured_media":0,"parent":0,"menu_order":0,"comment_status":"closed","ping_status":"closed","template":"","meta":{"neve_meta_sidebar":"full-width","neve_meta_container":"","neve_meta_enable_content_width":"on","neve_meta_content_width":0,"neve_meta_title_alignment":"","neve_meta_author_avatar":"","neve_post_elements_order":"","neve_meta_disable_header":"","neve_meta_disable_footer":"","neve_meta_disable_title":"on","footnotes":""},"class_list":["post-531","page","type-page","status-publish","hentry"],"_links":{"self":[{"href":"https:\/\/www.vroemen.de\/web\/wp-json\/wp\/v2\/pages\/531","targetHints":{"allow":["GET"]}}],"collection":[{"href":"https:\/\/www.vroemen.de\/web\/wp-json\/wp\/v2\/pages"}],"about":[{"href":"https:\/\/www.vroemen.de\/web\/wp-json\/wp\/v2\/types\/page"}],"author":[{"embeddable":true,"href":"https:\/\/www.vroemen.de\/web\/wp-json\/wp\/v2\/users\/1"}],"replies":[{"embeddable":true,"href":"https:\/\/www.vroemen.de\/web\/wp-json\/wp\/v2\/comments?post=531"}],"version-history":[{"count":0,"href":"https:\/\/www.vroemen.de\/web\/wp-json\/wp\/v2\/pages\/531\/revisions"}],"wp:attachment":[{"href":"https:\/\/www.vroemen.de\/web\/wp-json\/wp\/v2\/media?parent=531"}],"curies":[{"name":"wp","href":"https:\/\/api.w.org\/{rel}","templated":true}]}}